{"id":45,"date":"2022-02-28T14:45:24","date_gmt":"2022-02-28T14:45:24","guid":{"rendered":"http:\/\/www.bfgroup.pl\/?page_id=45"},"modified":"2022-02-28T15:03:50","modified_gmt":"2022-02-28T15:03:50","slug":"czystosc-i-zielen","status":"publish","type":"page","link":"http:\/\/www.bfgroup.pl\/index.php\/czystosc-i-zielen\/","title":{"rendered":""},"content":{"rendered":"\n<p><strong><mark style=\"background-color:rgba(0, 0, 0, 0)\" class=\"has-inline-color has-vivid-green-cyan-color\">Utrzymanie czysto\u015bci i piel\u0119gnacja zieleni.<\/mark><\/strong><\/p>\n\n\n\n<p>Wsp\u00f3\u0142pracujemy z firmami, kt\u00f3re charakteryzuje indywidualne podej\u015bcie do Klienta. Oferowane us\u0142ugi dedykowane Wsp\u00f3lnotom i Sp\u00f3\u0142dzielniom Mieszkaniowym oraz obiektom o charakterze biurowo \u2013 us\u0142ugowym, cechuje jako\u015b\u0107 i profesjonalizm.<br><br>D\u0105\u017cymy do tego, aby zakres oferowanej us\u0142ugi oraz ich cz\u0119stotliwo\u015b\u0107 spe\u0142nia\u0142y Pa\u0144stwa potrzeby i oczekiwania. Firmy te posiadaj\u0105 niezb\u0119dn\u0105 wiedz\u0119 jak i zasoby organizacyjne by zapewni\u0107 najwy\u017cszy standard realizacji kontraktu. Korzystaj\u0105 ze sprz\u0119tu renomowanych firm, wykorzystuj\u0105c chemi\u0119 bezpieczn\u0105 dla \u015brodowiska i odpowiednio dobran\u0105 do materia\u0142\u00f3w zastosowanych w pomieszczeniach.<\/p>\n\n\n\n<p><strong>Dedykowan<\/strong><strong>a<\/strong><strong>&nbsp;ofert<\/strong><strong>a<\/strong><strong> cenow<\/strong><strong>a<\/strong><strong> wraz z&nbsp;ustaleniem&nbsp;harmonogramu prac&nbsp;okre\u015bla<\/strong><strong>ne s\u0105<\/strong><strong>&nbsp;na podstawie ogl\u0119dzin nieruchomo\u015bci oraz oczekiwa\u0144 Klienta.<\/strong><\/p>\n","protected":false},"excerpt":{"rendered":"<p>Utrzymanie czysto\u015bci i piel\u0119gnacja zieleni. Wsp\u00f3\u0142pracujemy z firmami, kt\u00f3re charakteryzuje indywidualne podej\u015bcie do Klienta. Oferowane us\u0142ugi dedykowane Wsp\u00f3lnotom i Sp\u00f3\u0142dzielniom Mieszkaniowym oraz<\/p>\n<p class=\"link-more\"><a class=\"myButt \" href=\"http:\/\/www.bfgroup.pl\/index.php\/czystosc-i-zielen\/\">Read More<\/a><\/p>\n","protected":false},"author":1,"featured_media":0,"parent":0,"menu_order":0,"comment_status":"closed","ping_status":"closed","template":"","meta":{"_view_id":"","footnotes":""},"class_list":["post-45","page","type-page","status-publish","hentry"],"_links":{"self":[{"href":"http:\/\/www.bfgroup.pl\/index.php\/wp-json\/wp\/v2\/pages\/45","targetHints":{"allow":["GET"]}}],"collection":[{"href":"http:\/\/www.bfgroup.pl\/index.php\/wp-json\/wp\/v2\/pages"}],"about":[{"href":"http:\/\/www.bfgroup.pl\/index.php\/wp-json\/wp\/v2\/types\/page"}],"author":[{"embeddable":true,"href":"http:\/\/www.bfgroup.pl\/index.php\/wp-json\/wp\/v2\/users\/1"}],"replies":[{"embeddable":true,"href":"http:\/\/www.bfgroup.pl\/index.php\/wp-json\/wp\/v2\/comments?post=45"}],"version-history":[{"count":2,"href":"http:\/\/www.bfgroup.pl\/index.php\/wp-json\/wp\/v2\/pages\/45\/revisions"}],"predecessor-version":[{"id":55,"href":"http:\/\/www.bfgroup.pl\/index.php\/wp-json\/wp\/v2\/pages\/45\/revisions\/55"}],"wp:attachment":[{"href":"http:\/\/www.bfgroup.pl\/index.php\/wp-json\/wp\/v2\/media?parent=45"}],"curies":[{"name":"wp","href":"https:\/\/api.w.org\/{rel}","templated":true}]}}