{"id":60,"date":"2022-03-01T16:12:05","date_gmt":"2022-03-01T16:12:05","guid":{"rendered":"http:\/\/www.bfgroup.pl\/?page_id=60"},"modified":"2022-03-01T17:32:56","modified_gmt":"2022-03-01T17:32:56","slug":"zarzadzanie","status":"publish","type":"page","link":"http:\/\/www.bfgroup.pl\/index.php\/zarzadzanie\/","title":{"rendered":""},"content":{"rendered":"\n<figure class=\"wp-block-pullquote\"><blockquote><p><strong><mark style=\"background-color:rgba(0, 0, 0, 0)\" class=\"has-inline-color has-vivid-cyan-blue-color\"><em>Zarz\u0105dzanie i administrowanie<\/em><\/mark><\/strong><\/p><\/blockquote><\/figure>\n\n\n\n<div class=\"wp-block-columns is-layout-flex wp-container-core-columns-is-layout-9d6595d7 wp-block-columns-is-layout-flex\">\n<div class=\"wp-block-column is-layout-flow wp-block-column-is-layout-flow\" style=\"flex-basis:100%\">\n<div class=\"wp-block-columns is-layout-flex wp-container-core-columns-is-layout-9d6595d7 wp-block-columns-is-layout-flex\">\n<div class=\"wp-block-column is-layout-flow wp-block-column-is-layout-flow\">\n<figure class=\"wp-block-pullquote\" style=\"font-style:italic;font-weight:100\"><blockquote><p>sprawne przej\u0119cie nieruchomo\u015bci.<\/p><p>najwy\u017csze standardy wsp\u00f3\u0142pracy z\u00a0zarz\u0105dami wsp\u00f3lnot.<\/p><p>skuteczny nadz\u00f3r nad podwykonawcami.<\/p><p>optymalizacja koszt\u00f3w.<\/p><p>prowadzenie egzekucji roszcze\u0144 dotycz\u0105cych wad i\u00a0usterek.<\/p><p>windykacja nale\u017cno\u015bci wobec Wsp\u00f3lnoty.<\/p><p><\/p><p><\/p><\/blockquote><\/figure>\n<\/div>\n\n\n\n<div class=\"wp-block-column is-layout-flow wp-block-column-is-layout-flow\">\n<figure class=\"wp-block-pullquote\" style=\"font-style:italic;font-weight:100\"><blockquote><p>pobieranie i rozliczanie zaliczek<\/p><p>ksi\u0119gowo\u015b\u0107 i obs\u0142uga p\u0142atno\u015bci<\/p><p>kontakt z mieszka\u0144cami<\/p><p>przygotowanie sprawozdania finansowego<\/p><p>przygotowanie bud\u017cetu<\/p><p>prowadzenie dokumentacji technicznej przewidzianej prawem<\/p><p>organizacja zebra\u0144 rocznych<\/p><p>obs\u0142uga prawna.<\/p><\/blockquote><\/figure>\n<\/div>\n<\/div>\n<\/div>\n<\/div>\n\n\n\n<hr class=\"wp-block-separator\"\/>\n\n\n\n<h2 class=\"has-text-align-center wp-block-heading\"><strong><mark style=\"background-color:rgba(0, 0, 0, 0)\" class=\"has-inline-color has-vivid-green-cyan-color\"><em>Nasze wynagrodzenie<\/em><\/mark><\/strong><\/h2>\n\n\n\n<p class=\"has-text-align-center\">Stawk\u0119 wynagrodzenia okre\u015blamy na podstawie powierzchni u\u017cytkowej nieruchomo\u015bci <\/p>\n\n\n\n<p class=\"has-text-align-center\">oraz zakresu us\u0142ug dostosowanych dla danej nieruchomo\u015bci.<\/p>\n\n\n\n<hr class=\"wp-block-separator\"\/>\n\n\n\n<div class=\"wp-block-group\"><div class=\"wp-block-group__inner-container is-layout-flow wp-block-group-is-layout-flow\">\n<h2 class=\"has-text-align-center wp-block-heading\"><strong><em><mark style=\"background-color:rgba(0, 0, 0, 0)\" class=\"has-inline-color has-cyan-bluish-gray-color\">Dodatkowe us\u0142ugi<\/mark><\/em><\/strong><\/h2>\n\n\n\n<p class=\"has-text-align-center\">Specjalistyczne opinie prawne.<br>Post\u0119powania s\u0105dowe.<br>Ekspertyzy prawne i techniczne.<\/p>\n<\/div><\/div>\n","protected":false},"excerpt":{"rendered":"<p>Zarz\u0105dzanie i administrowanie sprawne przej\u0119cie nieruchomo\u015bci. najwy\u017csze standardy wsp\u00f3\u0142pracy z\u00a0zarz\u0105dami wsp\u00f3lnot. skuteczny nadz\u00f3r nad podwykonawcami. optymalizacja koszt\u00f3w. prowadzenie egzekucji roszcze\u0144 dotycz\u0105cych wad<\/p>\n<p class=\"link-more\"><a class=\"myButt \" href=\"http:\/\/www.bfgroup.pl\/index.php\/zarzadzanie\/\">Read More<\/a><\/p>\n","protected":false},"author":1,"featured_media":0,"parent":0,"menu_order":0,"comment_status":"closed","ping_status":"closed","template":"elementor_header_footer","meta":{"_view_id":"","footnotes":""},"class_list":["post-60","page","type-page","status-publish","hentry"],"_links":{"self":[{"href":"http:\/\/www.bfgroup.pl\/index.php\/wp-json\/wp\/v2\/pages\/60","targetHints":{"allow":["GET"]}}],"collection":[{"href":"http:\/\/www.bfgroup.pl\/index.php\/wp-json\/wp\/v2\/pages"}],"about":[{"href":"http:\/\/www.bfgroup.pl\/index.php\/wp-json\/wp\/v2\/types\/page"}],"author":[{"embeddable":true,"href":"http:\/\/www.bfgroup.pl\/index.php\/wp-json\/wp\/v2\/users\/1"}],"replies":[{"embeddable":true,"href":"http:\/\/www.bfgroup.pl\/index.php\/wp-json\/wp\/v2\/comments?post=60"}],"version-history":[{"count":10,"href":"http:\/\/www.bfgroup.pl\/index.php\/wp-json\/wp\/v2\/pages\/60\/revisions"}],"predecessor-version":[{"id":98,"href":"http:\/\/www.bfgroup.pl\/index.php\/wp-json\/wp\/v2\/pages\/60\/revisions\/98"}],"wp:attachment":[{"href":"http:\/\/www.bfgroup.pl\/index.php\/wp-json\/wp\/v2\/media?parent=60"}],"curies":[{"name":"wp","href":"https:\/\/api.w.org\/{rel}","templated":true}]}}